{"id":1019,"date":"2024-03-29T09:55:58","date_gmt":"2024-03-29T08:55:58","guid":{"rendered":"https:\/\/lbs-escooter.ch\/?page_id=1019"},"modified":"2024-03-29T09:55:58","modified_gmt":"2024-03-29T08:55:58","slug":"protection-de-vos-donnees","status":"publish","type":"page","link":"https:\/\/lbs-escooter.ch\/?page_id=1019","title":{"rendered":"Protection de vos donn\u00e9es"},"content":{"rendered":"\n<p>Pour se conformer au nouveau r\u00e8glement g\u00e9n\u00e9ral sur la protection des donn\u00e9es (RGPD), nous avons mis \u00e0 jour notre politique de confidentialit\u00e9.<br><br>IDENTIFICATION:<\/p>\n\n\n\n<ul class=\"wp-block-list\">\n<li>Propri\u00e9taire : LBS SWISS <\/li>\n\n\n\n<li>Si\u00e8ge social : Carrefour de rive 1 .<\/li>\n\n\n\n<li>CHE : <\/li>\n\n\n\n<li>Contrat WESSUP-LBS SWISS<\/li>\n\n\n\n<li>CH<strong>E-324.652.353<\/strong><\/li>\n\n\n\n<li>T\u00e9l\u00e9phone : + 41 796 606 552 <\/li>\n\n\n\n<li>Courriel : contact@lbs-escooter.ch<\/li>\n\n\n\n<li>D\u00e9l\u00e9gu\u00e9 \u00e0 la protection des donn\u00e9es (DPO) : Souhail LOUKILI<\/li>\n\n\n\n<li>Courriel : contact@lbs-escooter.ch<\/li>\n<\/ul>\n\n\n\n<p>LBS SWISS est propri\u00e9taire du site lbs-escooter.ch .<\/p>\n\n\n\n<p>Cette politique de confidentialit\u00e9 d\u00e9crit comment vos informations personnelles sont collect\u00e9es, utilis\u00e9es et partag\u00e9es lorsque vous visitez ou effectuez un achat sur https:\/\/lbs-escooter.ch\/ (ci-apr\u00e8s d\u00e9nomm\u00e9 le &#8220;Site&#8221;).<br><br>INFORMATIONS PERSONNELLES QUE NOUS COLLECTONS<br><br>Lorsque vous visitez le site, nous collectons automatiquement certaines informations sur votre appareil, notamment des informations sur votre navigateur Web, votre adresse IP, votre fuseau horaire et certains des cookies install\u00e9s sur votre appareil. De plus, lorsque vous naviguez sur le Site, nous recueillons des informations sur les pages Web ou les produits individuels que vous consultez, les pages Web ou les termes de recherche qui vous ont r\u00e9f\u00e9r\u00e9 au Site, et des informations sur la fa\u00e7on dont vous interagissez avec le Site. Nous appelons ces informations collect\u00e9es automatiquement les &#8220;Informations sur l&#8217;appareil&#8221;.<br><br>Nous recueillons des informations sur les appareils gr\u00e2ce \u00e0 l&#8217;utilisation des technologies suivantes\u00a0:<br><br>COOKIES<br><br>Voici une liste des cookies que nous utilisons. Nous les listons afin que vous puissiez choisir si vous souhaitez vous d\u00e9sabonner ou non.<br><br>_session_id, jeton unique, sessionnel, permet \u00e0 Shopify de stocker des informations sur votre session (r\u00e9f\u00e9rent, page de destination, et c).<br><br>_shopify_visit, aucune donn\u00e9e d\u00e9tenue, persistante pendant 30 minutes \u00e0 compter de la derni\u00e8re visite, utilis\u00e9e par le suivi des statistiques internes de notre fournisseur de site Web pour enregistrer le nombre de visites<br><br>_shopify_uniq, aucune donn\u00e9e conserv\u00e9e, expire \u00e0 minuit (par rapport au visiteur) du lendemain, compte le nombre de visites dans un magasin par un seul client.<br><br>panier, jeton unique, persistant pendant 2 semaines, stocke des informations sur le contenu de votre panier.<br><br>_secure_session_id, unique token, sessionnel<br><br>storefront_digest, unique token, indefinite Si la boutique a un mot de passe, celui-ci est utilis\u00e9 pour d\u00e9terminer si le visiteur actuel a acc\u00e8s.<br><br>&#8211; Les fichiers journaux&#8221; suivent les actions qui se produisent sur le site et collectent des donn\u00e9es, y compris votre adresse IP, le type de navigateur, le fournisseur de services Internet, les pages de renvoi\/sortie et les horodatages.<br><br>&#8211; Les balises Web, &#8220;tags&#8221; et &#8220;pixels&#8221; sont des fichiers \u00e9lectroniques utilis\u00e9s pour enregistrer des informations sur la fa\u00e7on dont vous naviguez sur le Site.<br><br>De plus, lorsque vous effectuez un achat ou tentez d&#8217;effectuer un achat via le Site, nous recueillons certaines informations vous concernant, notamment votre nom, votre adresse de facturation, votre adresse de livraison, vos informations de paiement (y compris les num\u00e9ros de carte de cr\u00e9dit, l&#8217;adresse e-mail et le num\u00e9ro de t\u00e9l\u00e9phone Nous nous r\u00e9f\u00e9rons \u00e0 ces informations comme &#8220;Informations de commande&#8221;.<br><br>Lorsque nous nous r\u00e9f\u00e9rons aux &#8220;Informations personnelles&#8221; dans la pr\u00e9sente Politique de confidentialit\u00e9, nous entendons \u00e0 la fois les Informations sur l&#8217;appareil et les Informations sur la commande.<br><br>COMMENT UTILISONS-NOUS VOS INFORMATIONS PERSONNELLES ?<br><br>Nous utilisons g\u00e9n\u00e9ralement les informations de commande que nous collectons pour pr\u00e9parer les commandes pass\u00e9es via le site (y compris le traitement de vos informations de paiement, l&#8217;organisation des exp\u00e9ditions et la livraison des factures et\/ou des confirmations de commande). De plus, nous utilisons ces informations de commande pour : communiquer avec vous ;<br>examiner nos commandes pour fraude ou risques potentiels\u00a0; et lorsque conform\u00e9ment aux pr\u00e9f\u00e9rences que vous avez partag\u00e9es avec nous, vous fournir des informations ou des publicit\u00e9s li\u00e9es \u00e0 nos produits ou services.<br><br>Nous utilisons les informations sur les appareils que nous collectons pour nous aider \u00e0 d\u00e9tecter les risques potentiels et les fraudes (en particulier, votre adresse IP) et, en g\u00e9n\u00e9ral, pour am\u00e9liorer et optimiser notre site (par exemple, en g\u00e9n\u00e9rant des rapports et des statistiques sur la fa\u00e7on dont nos clients naviguent et interagissent avec le Site et pour \u00e9valuer le succ\u00e8s de nos campagnes publicitaires et marketing).<br><br>PARTAGE DE VOS INFORMATIONS PERSONNELLES<br><br>Nous partageons vos informations personnelles avec des tiers pour nous aider \u00e0 utiliser vos informations personnelles comme d\u00e9crit ci-dessus. Par exemple, nous utilisons la technologie wordpress dans notre boutique en ligne. Vous pouvez en savoir plus sur la fa\u00e7on dont wordpress utilise vos informations personnelles ici : https:\/\/www.wordpress.com\/legal\/privacy. Nous utilisons \u00e9galement Google Analytics pour nous aider \u00e0 comprendre comment nos clients utilisent le Site. Vous pouvez en savoir plus sur la mani\u00e8re dont Google utilise vos informations personnelles ici\u00a0: https:\/\/www.google.com\/intl\/es\/policies\/privacy\/. Vous pouvez vous d\u00e9sabonner de Google Analytics ici : https:\/\/tools.google.com\/dlpage\/gaoptout.<br><br>Enfin, nous pouvons \u00e9galement partager vos informations personnelles pour nous conformer aux lois et r\u00e9glementations applicables, pour r\u00e9pondre \u00e0 une citation \u00e0 compara\u00eetre, \u00e0 un mandat de perquisition ou \u00e0 toute autre demande l\u00e9gale d&#8217;informations que nous recevons, ou pour prot\u00e9ger nos droits.<br><br>PUBLICIT\u00c9 COMPORTEMENTALE<br><br>Comme d\u00e9crit ci-dessus, nous utilisons vos informations personnelles pour vous fournir des publicit\u00e9s cibl\u00e9es ou des communications marketing qui, selon nous, pourraient vous int\u00e9resser. Pour plus d&#8217;informations sur le fonctionnement de la publicit\u00e9 cibl\u00e9e, vous pouvez visiter la page d&#8217;\u00e9ducation de la Network Advertising Initiative (&#8220;NAI&#8221;) \u00e0 l&#8217;adresse http:\/\/www.networkadvertising.org\/understanding-online-advertising\/how-does-it-work.<br><br>Vous pouvez vous d\u00e9sabonner des publicit\u00e9s cibl\u00e9es en utilisant les liens ci-dessous :<br><br>CERTAINS LIENS FR\u00c9QUENTS COMPRENNENT\u00a0:<br><br>FACEBOOK\u00a0: https:\/\/www.facebook.com\/settings\/?tab=ads<br>GOOGLE\u00a0: https:\/\/adssettings.google.com\/authenticated?hl=ch<br><br><br>De plus, vous pouvez vous d\u00e9sabonner de certains de ces services en visitant le portail de d\u00e9sinscription de la Digital Advertising Alliance \u00e0 l&#8217;adresse : ttp:\/\/optout.aboutads.info\/.<br><br>NE PAS SUIVRE<br><br>Veuillez noter que nous ne modifions pas la collecte de donn\u00e9es et les pratiques d&#8217;utilisation de notre site lorsque nous voyons un signal Ne pas suivre de votre navigateur.<br><br>VOS DROITS<br><br>Si vous \u00eates un r\u00e9sident europ\u00e9en ou suisse , vous avez le droit d&#8217;acc\u00e9der aux informations personnelles que nous d\u00e9tenons \u00e0 votre sujet et de demander que vos informations personnelles soient corrig\u00e9es, mises \u00e0 jour ou supprim\u00e9es. Si vous souhaitez exercer ce droit, veuillez nous contacter en utilisant les coordonn\u00e9es ci-dessous.<br><br>De plus, si vous \u00eates un r\u00e9sident europ\u00e9en ou suisse , nous notons que nous traitons vos informations pour ex\u00e9cuter tout contrat que nous pourrions avoir avec vous (par exemple, si vous passez une commande via le Site) ou pour poursuivre nos int\u00e9r\u00eats commerciaux l\u00e9gitimes \u00e9num\u00e9r\u00e9s ci-dessus. De plus, veuillez noter que vos informations seront transf\u00e9r\u00e9es en dehors de l&#8217;Europe, y compris le Canada et les \u00c9tats-Unis.<br><br>LA CONSERVATION DES DONN\u00c9ES<br><br>Lorsque vous passez une commande via le site, nous conserverons vos informations de commande pour nos dossiers \u00e0 moins que et jusqu&#8217;\u00e0 ce que vous nous demandiez de supprimer ces informations.<br><br>CHANGEMENTS<br><br>Nous pouvons mettre \u00e0 jour cette politique de confidentialit\u00e9 p\u00e9riodiquement pour refl\u00e9ter, par exemple, des changements dans nos pratiques ou pour d&#8217;autres raisons op\u00e9rationnelles, l\u00e9gales ou r\u00e9glementaires.<br><br>CONTACTEZ-NOUS<br><br>Pour plus d&#8217;informations sur nos pratiques de confidentialit\u00e9, si vous avez des questions ou si vous souhaitez d\u00e9poser une plainte,\u00a0veuillez nous contacter par e-mail \u00e0 contact@lbs-escooter.ch ou par whatsapp directement via notre site. <\/p>\n","protected":false},"excerpt":{"rendered":"<p>Pour se conformer au nouveau r\u00e8glement g\u00e9n\u00e9ral sur la protection des donn\u00e9es (RGPD), nous avons mis \u00e0 jour notre politique&hellip;<\/p>\n","protected":false},"author":1,"featured_media":0,"parent":0,"menu_order":0,"comment_status":"closed","ping_status":"closed","template":"","meta":{"_joinchat":[],"footnotes":""},"class_list":["post-1019","page","type-page","status-publish","hentry"],"jetpack_sharing_enabled":true,"_links":{"self":[{"href":"https:\/\/lbs-escooter.ch\/index.php?rest_route=\/wp\/v2\/pages\/1019","targetHints":{"allow":["GET"]}}],"collection":[{"href":"https:\/\/lbs-escooter.ch\/index.php?rest_route=\/wp\/v2\/pages"}],"about":[{"href":"https:\/\/lbs-escooter.ch\/index.php?rest_route=\/wp\/v2\/types\/page"}],"author":[{"embeddable":true,"href":"https:\/\/lbs-escooter.ch\/index.php?rest_route=\/wp\/v2\/users\/1"}],"replies":[{"embeddable":true,"href":"https:\/\/lbs-escooter.ch\/index.php?rest_route=%2Fwp%2Fv2%2Fcomments&post=1019"}],"version-history":[{"count":2,"href":"https:\/\/lbs-escooter.ch\/index.php?rest_route=\/wp\/v2\/pages\/1019\/revisions"}],"predecessor-version":[{"id":1021,"href":"https:\/\/lbs-escooter.ch\/index.php?rest_route=\/wp\/v2\/pages\/1019\/revisions\/1021"}],"wp:attachment":[{"href":"https:\/\/lbs-escooter.ch\/index.php?rest_route=%2Fwp%2Fv2%2Fmedia&parent=1019"}],"curies":[{"name":"wp","href":"https:\/\/api.w.org\/{rel}","templated":true}]}}