{"id":1058,"date":"2024-09-13T11:07:24","date_gmt":"2024-09-13T09:07:24","guid":{"rendered":"https:\/\/lbs-escooter.ch\/?post_type=product&#038;p=1058"},"modified":"2025-08-16T10:40:17","modified_gmt":"2025-08-16T08:40:17","slug":"trotinette-joyor-luxeride","status":"publish","type":"product","link":"https:\/\/lbs-escooter.ch\/?product=trotinette-joyor-luxeride","title":{"rendered":"Trotinette  \u00e9lectrique Joyor Luxeride"},"content":{"rendered":"<p style=\"font-weight: 400;\"><b><strong>Un design luxueux, \u00e9l\u00e9gant et intelligent avec un design fort et agile dans une couleur argent\u00e9e sophistiqu\u00e9e. Fabriqu\u00e9 en alliage d&#8217;aluminium de haute qualit\u00e9.<\/strong><\/b><\/p>\n<p style=\"font-weight: 400;\"><b><strong>D&#8217;une puissance combin\u00e9e de 3200 W, les moteurs avant et arri\u00e8re assurent une acc\u00e9l\u00e9ration et une pr\u00e9cision in\u00e9gal\u00e9es sur des pentes \u00e0 45\u00b0. Vitesse maximale entre 55 et 62 km\/h.<\/strong><\/b><\/p>\n<p style=\"font-weight: 400;\"><b><strong>\u2713 Vitesse maximale 62 km\/h<br \/>\n\u2713\u00a0Moteurs doubles de 1600 W maximum<br \/>\n\u2713\u00a0Capacit\u00e9 d&#8217;escalade\u00a0: inclinaison de 45\u00b0<br \/>\n\u2713 Port\u00e9e impressionnante jusqu&#8217;\u00e0 60 km<br \/>\n\u2713\u00a0Pneus pneumatiques 10&#8243; x 3&#8243;<br \/>\n\u2713 Double Front and Rear Suspension System<br \/>\n\u2713\u00a0Freins \u00e0 disque hydrauliques avant et arri\u00e8re<br \/>\n\u2713\u00a0Clignotants pour des man\u0153uvres pr\u00e9cises<br \/>\n\u2713\u00a0R\u00e9gulateur de vitesse avanc\u00e9<br \/>\n<\/strong><\/b><\/p>\n<p>&nbsp;<\/p>\n<ul>\n<li><strong>Puissance nominale\u00a0:<\/strong>\u00a02 x 1200W<\/li>\n<li><strong>Puissance maximum:<\/strong>\u00a02 x 1600W<\/li>\n<li><strong>Capacit\u00e9 d&#8217;escalade\u00a0:\u00a0<\/strong>45\u00ba<\/li>\n<li><strong>Moteurs\u00a0:<\/strong>\u00a02<\/li>\n<li><strong>Max. Vitesse\u00a0:<\/strong>\u00a055 &#8211; 62\u00a0km\/h<\/li>\n<li><strong>Port\u00e9e :<\/strong>\u00a060km<\/li>\n<li><strong>Pneus :<\/strong>\u00a010 x 3,5 pouces<\/li>\n<li><strong>Suspension\u00a0:\u00a0<\/strong>Suspension avant et arri\u00e8re<\/li>\n<li><strong>Freins\u00a0:\u00a0<\/strong>Frein hydraulique, avant et arri\u00e8re<\/li>\n<li><strong>Niveaux de vitesse\u00a0:\u00a0<\/strong>3<\/li>\n<li><strong>Capacit\u00e9 de la batterie\u00a0:\u00a0<\/strong>52V 21Ah<\/li>\n<li><strong>Temps de charge :<\/strong>\u00a07 heures<\/li>\n<li><strong>Poids :<\/strong>\u00a040 kg<\/li>\n<li><strong>Charge maximale :<\/strong>\u00a0150 kg<\/li>\n<li><strong>Taille D\u00e9pli\u00e9\u00a0:\u00a0<\/strong>1310x627x1285 mm<\/li>\n<li><strong>Taille Pli\u00e9\u00a0:\u00a0<\/strong>1300x210x580 mm<\/li>\n<\/ul>\n","protected":false},"excerpt":{"rendered":"<p>Un design luxueux, \u00e9l\u00e9gant et intelligent avec un design fort et agile dans une couleur argent\u00e9e sophistiqu\u00e9e. Fabriqu\u00e9 en alliage&hellip;<\/p>\n","protected":false},"featured_media":1063,"comment_status":"open","ping_status":"closed","template":"","meta":{"_joinchat":[]},"product_cat":[35,33],"product_tag":[],"class_list":{"0":"post-1058","1":"product","2":"type-product","3":"status-publish","4":"has-post-thumbnail","6":"product_cat-e-scooter","7":"product_cat-trottinette-electrique","8":"it-has-gallery","10":"first","11":"instock","12":"taxable","13":"shipping-taxable","14":"purchasable","15":"product-type-simple"},"jetpack_sharing_enabled":true,"_links":{"self":[{"href":"https:\/\/lbs-escooter.ch\/index.php?rest_route=\/wp\/v2\/product\/1058","targetHints":{"allow":["GET"]}}],"collection":[{"href":"https:\/\/lbs-escooter.ch\/index.php?rest_route=\/wp\/v2\/product"}],"about":[{"href":"https:\/\/lbs-escooter.ch\/index.php?rest_route=\/wp\/v2\/types\/product"}],"replies":[{"embeddable":true,"href":"https:\/\/lbs-escooter.ch\/index.php?rest_route=%2Fwp%2Fv2%2Fcomments&post=1058"}],"wp:featuredmedia":[{"embeddable":true,"href":"https:\/\/lbs-escooter.ch\/index.php?rest_route=\/wp\/v2\/media\/1063"}],"wp:attachment":[{"href":"https:\/\/lbs-escooter.ch\/index.php?rest_route=%2Fwp%2Fv2%2Fmedia&parent=1058"}],"wp:term":[{"taxonomy":"product_cat","embeddable":true,"href":"https:\/\/lbs-escooter.ch\/index.php?rest_route=%2Fwp%2Fv2%2Fproduct_cat&post=1058"},{"taxonomy":"product_tag","embeddable":true,"href":"https:\/\/lbs-escooter.ch\/index.php?rest_route=%2Fwp%2Fv2%2Fproduct_tag&post=1058"}],"curies":[{"name":"wp","href":"https:\/\/api.w.org\/{rel}","templated":true}]}}