{"id":1064,"date":"2024-09-13T11:13:42","date_gmt":"2024-09-13T09:13:42","guid":{"rendered":"https:\/\/lbs-escooter.ch\/?post_type=product&#038;p=1064"},"modified":"2025-11-26T15:14:48","modified_gmt":"2025-11-26T14:14:48","slug":"trotinette-joyor-lite-go","status":"publish","type":"product","link":"https:\/\/lbs-escooter.ch\/?product=trotinette-joyor-lite-go","title":{"rendered":"Trotinette \u00e9lectrique Joyor LITE GO"},"content":{"rendered":"<p><strong>Ce nouveau mod\u00e8le 2024 est parfait pour les personnes qui souhaitent se d\u00e9placer chaque jour en ville de mani\u00e8re agile, rapide et flexible, en \u00e9chappant au trafic et en \u00e9vitant les foules dans les transports publics.<\/strong><\/p>\n<p><strong>\u2713 Moteur : max. puissance 650W \/ puissance nominale 350W<br \/>\n<\/strong><strong>\u2713 Port\u00e9e : jusqu&#8217;\u00e0 45 km<br \/>\n<\/strong><strong>\u2713 Niveau d&#8217;\u00e9tanch\u00e9it\u00e9 : \u00c9lev\u00e9, IPX5, permet une utilisation sous la pluie<br \/>\n<\/strong><strong>\u2713 Frein : frein \u00e0 disque avant et E-ABS arri\u00e8re<br \/>\n<\/strong><strong>\u2713 Pneu\u00a0: pneu pneumatique 10\u00a8<br \/>\n\u2713 Cadenas int\u00e9gr\u00e9<br \/>\n\u2713 Nouveau design d&#8217;\u00e9cran LCD \u00e9l\u00e9gant<\/strong><\/p>\n<p>&nbsp;<\/p>\n<p><span class=\"product_accordion__heading h5 active\">Caract\u00e9ristiques<\/span><\/p>\n<div class=\"product_accordion__content active\">\n<div class=\"rte\">\n<ul>\n<li><strong>Puissance nominale :<\/strong>\u00a0350 W<\/li>\n<li><strong>Puissance maximale :<\/strong>\u00a0650 W<\/li>\n<li><strong>Vitesse maximale\u00a0:<\/strong> 20 km\/h<\/li>\n<li><strong>Port\u00e9e :<\/strong>\u00a045km<\/li>\n<li><strong>Pneus :<\/strong>\u00a0pneumatiques, 10&#8243;<\/li>\n<li><strong>Suspension\u00a0:\u00a0<\/strong>Avant \u00e0 deux bras<\/li>\n<li><strong>Freins\u00a0:\u00a0<\/strong>Frein \u00e0 disque avant et E-ABS arri\u00e8re<\/li>\n<li><strong>Niveaux de vitesse\u00a0:\u00a0<\/strong>3<\/li>\n<li><strong>Capacit\u00e9 d&#8217;escalade\u00a0:\u00a0<\/strong>9\u00ba<\/li>\n<li><strong>Capacit\u00e9 de la batterie\u00a0:\u00a0<\/strong>36V 13Ah<\/li>\n<li><strong>Temps de charge :<\/strong>\u00a06,5 heures<\/li>\n<li><strong>Poids :<\/strong>\u00a018 kg<\/li>\n<li><strong>Charge maximale :<\/strong>\u00a0120 kg<\/li>\n<li><strong>Taille D\u00e9pli\u00e9\u00a0:\u00a0<\/strong>1130x516x1210 mm<\/li>\n<li><strong>Taille Pli\u00e9\u00a0:\u00a0<\/strong>1130x516x570 mm<\/li>\n<\/ul>\n<\/div>\n<p>&nbsp;<\/p>\n<\/div>\n","protected":false},"excerpt":{"rendered":"<p>Ce nouveau mod\u00e8le 2024 est parfait pour les personnes qui souhaitent se d\u00e9placer chaque jour en ville de mani\u00e8re agile,&hellip;<\/p>\n","protected":false},"featured_media":1070,"comment_status":"open","ping_status":"closed","template":"","meta":{"_joinchat":[]},"product_cat":[35,33],"product_tag":[],"class_list":{"0":"post-1064","1":"product","2":"type-product","3":"status-publish","4":"has-post-thumbnail","6":"product_cat-e-scooter","7":"product_cat-trottinette-electrique","8":"it-has-gallery","10":"first","11":"instock","12":"taxable","13":"shipping-taxable","14":"purchasable","15":"product-type-simple"},"jetpack_sharing_enabled":true,"_links":{"self":[{"href":"https:\/\/lbs-escooter.ch\/index.php?rest_route=\/wp\/v2\/product\/1064","targetHints":{"allow":["GET"]}}],"collection":[{"href":"https:\/\/lbs-escooter.ch\/index.php?rest_route=\/wp\/v2\/product"}],"about":[{"href":"https:\/\/lbs-escooter.ch\/index.php?rest_route=\/wp\/v2\/types\/product"}],"replies":[{"embeddable":true,"href":"https:\/\/lbs-escooter.ch\/index.php?rest_route=%2Fwp%2Fv2%2Fcomments&post=1064"}],"wp:featuredmedia":[{"embeddable":true,"href":"https:\/\/lbs-escooter.ch\/index.php?rest_route=\/wp\/v2\/media\/1070"}],"wp:attachment":[{"href":"https:\/\/lbs-escooter.ch\/index.php?rest_route=%2Fwp%2Fv2%2Fmedia&parent=1064"}],"wp:term":[{"taxonomy":"product_cat","embeddable":true,"href":"https:\/\/lbs-escooter.ch\/index.php?rest_route=%2Fwp%2Fv2%2Fproduct_cat&post=1064"},{"taxonomy":"product_tag","embeddable":true,"href":"https:\/\/lbs-escooter.ch\/index.php?rest_route=%2Fwp%2Fv2%2Fproduct_tag&post=1064"}],"curies":[{"name":"wp","href":"https:\/\/api.w.org\/{rel}","templated":true}]}}