{"id":824,"date":"2024-03-04T23:46:00","date_gmt":"2024-03-04T22:46:00","guid":{"rendered":"https:\/\/lbs-escooter.ch\/?post_type=product&#038;p=824"},"modified":"2025-11-26T15:13:01","modified_gmt":"2025-11-26T14:13:01","slug":"casque-de-mobilite-joyor-pop","status":"publish","type":"product","link":"https:\/\/lbs-escooter.ch\/?product=casque-de-mobilite-joyor-pop","title":{"rendered":"Casque de mobilit\u00e9 Joyor Pop"},"content":{"rendered":"","protected":false},"excerpt":{"rendered":"<p>Le casque de mobilit\u00e9 Joyor Pop est l\u00e9ger, confortable, con\u00e7u pour votre commodit\u00e9 et votre s\u00e9curit\u00e9.<br \/>\nIl a 1 taille unique avec un m\u00e9canisme de r\u00e9glage de la taille \u00e0 l&#8217;int\u00e9rieur.<br \/>\nL\u00a0: 21 cm, L\u00a0: 26 cm et 77 cm de cercle complet<\/p>\n","protected":false},"featured_media":828,"comment_status":"open","ping_status":"closed","template":"","meta":{"_joinchat":[]},"product_cat":[15,34],"product_tag":[],"class_list":{"0":"post-824","1":"product","2":"type-product","3":"status-publish","4":"has-post-thumbnail","6":"product_cat-uncategorized","7":"product_cat-accessoires-pour-e-scooter","8":"it-has-gallery","10":"first","11":"instock","12":"taxable","13":"shipping-taxable","14":"purchasable","15":"product-type-simple"},"jetpack_sharing_enabled":true,"_links":{"self":[{"href":"https:\/\/lbs-escooter.ch\/index.php?rest_route=\/wp\/v2\/product\/824","targetHints":{"allow":["GET"]}}],"collection":[{"href":"https:\/\/lbs-escooter.ch\/index.php?rest_route=\/wp\/v2\/product"}],"about":[{"href":"https:\/\/lbs-escooter.ch\/index.php?rest_route=\/wp\/v2\/types\/product"}],"replies":[{"embeddable":true,"href":"https:\/\/lbs-escooter.ch\/index.php?rest_route=%2Fwp%2Fv2%2Fcomments&post=824"}],"wp:featuredmedia":[{"embeddable":true,"href":"https:\/\/lbs-escooter.ch\/index.php?rest_route=\/wp\/v2\/media\/828"}],"wp:attachment":[{"href":"https:\/\/lbs-escooter.ch\/index.php?rest_route=%2Fwp%2Fv2%2Fmedia&parent=824"}],"wp:term":[{"taxonomy":"product_cat","embeddable":true,"href":"https:\/\/lbs-escooter.ch\/index.php?rest_route=%2Fwp%2Fv2%2Fproduct_cat&post=824"},{"taxonomy":"product_tag","embeddable":true,"href":"https:\/\/lbs-escooter.ch\/index.php?rest_route=%2Fwp%2Fv2%2Fproduct_tag&post=824"}],"curies":[{"name":"wp","href":"https:\/\/api.w.org\/{rel}","templated":true}]}}