{"id":825,"date":"2024-03-04T23:46:00","date_gmt":"2024-03-04T22:46:00","guid":{"rendered":"https:\/\/lbs-escooter.ch\/?post_type=product&#038;p=825"},"modified":"2025-11-26T15:14:04","modified_gmt":"2025-11-26T14:14:04","slug":"grand-sac-rigide","status":"publish","type":"product","link":"https:\/\/lbs-escooter.ch\/?product=grand-sac-rigide","title":{"rendered":"Grand Sac Rigide"},"content":{"rendered":"","protected":false},"excerpt":{"rendered":"<p style=\"margin-bottom: 19.4444px; font-size: 16px;\">Grand sac rigide<\/p>\n<p style=\"margin-top: 0px; margin-bottom: 19.4444px; font-size: 16px;\">Joyor Big Sized Rigid Plus Front Bag est un sac avant rigide pour un scooter \u00e9lectrique Joyor.<\/p>\n<p style=\"margin-top: 0px; margin-bottom: 19.4444px; font-size: 16px;\">Il a une capacit\u00e9 de 3L.<\/p>\n<p style=\"margin-top: 0px; margin-bottom: 19.4444px; font-size: 16px;\">Peut \u00eatre ajout\u00e9 \u00e0 un scooter \u00e9lectrique Joyor de n&#8217;importe quel mod\u00e8le.<\/p>\n<p><span style=\"font-size: 16px;\">*Veuillez noter que ce sac n&#8217;est pas \u00e9tanche en cas de fortes pluies ou lorsqu&#8217;il est expos\u00e9 \u00e0 de grandes quantit\u00e9s d&#8217;eau.<\/span><\/p>\n","protected":false},"featured_media":832,"comment_status":"open","ping_status":"closed","template":"","meta":{"_joinchat":[]},"product_cat":[15],"product_tag":[],"class_list":{"0":"post-825","1":"product","2":"type-product","3":"status-publish","4":"has-post-thumbnail","6":"product_cat-uncategorized","7":"it-has-gallery","9":"first","10":"instock","11":"taxable","12":"shipping-taxable","13":"purchasable","14":"product-type-simple"},"jetpack_sharing_enabled":true,"_links":{"self":[{"href":"https:\/\/lbs-escooter.ch\/index.php?rest_route=\/wp\/v2\/product\/825","targetHints":{"allow":["GET"]}}],"collection":[{"href":"https:\/\/lbs-escooter.ch\/index.php?rest_route=\/wp\/v2\/product"}],"about":[{"href":"https:\/\/lbs-escooter.ch\/index.php?rest_route=\/wp\/v2\/types\/product"}],"replies":[{"embeddable":true,"href":"https:\/\/lbs-escooter.ch\/index.php?rest_route=%2Fwp%2Fv2%2Fcomments&post=825"}],"wp:featuredmedia":[{"embeddable":true,"href":"https:\/\/lbs-escooter.ch\/index.php?rest_route=\/wp\/v2\/media\/832"}],"wp:attachment":[{"href":"https:\/\/lbs-escooter.ch\/index.php?rest_route=%2Fwp%2Fv2%2Fmedia&parent=825"}],"wp:term":[{"taxonomy":"product_cat","embeddable":true,"href":"https:\/\/lbs-escooter.ch\/index.php?rest_route=%2Fwp%2Fv2%2Fproduct_cat&post=825"},{"taxonomy":"product_tag","embeddable":true,"href":"https:\/\/lbs-escooter.ch\/index.php?rest_route=%2Fwp%2Fv2%2Fproduct_tag&post=825"}],"curies":[{"name":"wp","href":"https:\/\/api.w.org\/{rel}","templated":true}]}}