{"id":827,"date":"2024-03-04T23:46:00","date_gmt":"2024-03-04T22:46:00","guid":{"rendered":"https:\/\/lbs-escooter.ch\/?post_type=product&#038;p=827"},"modified":"2025-09-16T22:53:37","modified_gmt":"2025-09-16T20:53:37","slug":"sac-avant-joyor","status":"publish","type":"product","link":"https:\/\/lbs-escooter.ch\/?product=sac-avant-joyor","title":{"rendered":"Sac Avant Joyor"},"content":{"rendered":"","protected":false},"excerpt":{"rendered":"<p><span style=\"font-size: 16px;\">Sac avant souple pour trottinette \u00e9lectrique Joyor.<\/span><span style=\"font-size: 16px;\">Peut \u00eatre ajout\u00e9 \u00e0 un trottinette \u00e9lectrique Joyor de n&#8217;importe quel mod\u00e8le.<\/span><span style=\"font-size: 16px;\">Sac avant Joyor<\/span><\/p>\n","protected":false},"featured_media":846,"comment_status":"open","ping_status":"closed","template":"","meta":{"_joinchat":[]},"product_cat":[15],"product_tag":[],"class_list":{"0":"post-827","1":"product","2":"type-product","3":"status-publish","4":"has-post-thumbnail","6":"product_cat-uncategorized","7":"it-has-gallery","9":"first","10":"instock","11":"taxable","12":"shipping-taxable","13":"purchasable","14":"product-type-simple"},"jetpack_sharing_enabled":true,"_links":{"self":[{"href":"https:\/\/lbs-escooter.ch\/index.php?rest_route=\/wp\/v2\/product\/827","targetHints":{"allow":["GET"]}}],"collection":[{"href":"https:\/\/lbs-escooter.ch\/index.php?rest_route=\/wp\/v2\/product"}],"about":[{"href":"https:\/\/lbs-escooter.ch\/index.php?rest_route=\/wp\/v2\/types\/product"}],"replies":[{"embeddable":true,"href":"https:\/\/lbs-escooter.ch\/index.php?rest_route=%2Fwp%2Fv2%2Fcomments&post=827"}],"wp:featuredmedia":[{"embeddable":true,"href":"https:\/\/lbs-escooter.ch\/index.php?rest_route=\/wp\/v2\/media\/846"}],"wp:attachment":[{"href":"https:\/\/lbs-escooter.ch\/index.php?rest_route=%2Fwp%2Fv2%2Fmedia&parent=827"}],"wp:term":[{"taxonomy":"product_cat","embeddable":true,"href":"https:\/\/lbs-escooter.ch\/index.php?rest_route=%2Fwp%2Fv2%2Fproduct_cat&post=827"},{"taxonomy":"product_tag","embeddable":true,"href":"https:\/\/lbs-escooter.ch\/index.php?rest_route=%2Fwp%2Fv2%2Fproduct_tag&post=827"}],"curies":[{"name":"wp","href":"https:\/\/api.w.org\/{rel}","templated":true}]}}